{"id":104,"date":"2014-11-11T02:10:06","date_gmt":"2014-11-11T05:10:06","guid":{"rendered":"http:\/\/www.institutofrater.com.br\/site\/?page_id=104"},"modified":"2016-03-17T08:24:34","modified_gmt":"2016-03-17T13:24:34","slug":"orientacao-educacional","status":"publish","type":"page","link":"https:\/\/www.iedq.com.br\/site\/orientacao-educacional\/","title":{"rendered":"Orienta\u00e7\u00e3o Educacional"},"content":{"rendered":"<p style=\"text-align: justify;\">Com a preocupa\u00e7\u00e3o de formar cidad\u00e3os para al\u00e9m das compet\u00eancias acad\u00eamicas, \u00e9 fundamental o acompanhamento psicossocial dos alunos. Dessa forma, o desenvolvimento de potencialidades, problematiza\u00e7\u00e3o e reflex\u00e3o de quest\u00f5es que perpassam a forma\u00e7\u00e3o s\u00e3o devidamente acompanhados e facilitados.<\/p>\n<p style=\"text-align: justify;\">De acordo com as atribui\u00e7\u00f5es profissionais do psic\u00f3logo no Brasil, determinadas pelo Conselho Federal de Psicologia em 1992, a atua\u00e7\u00e3o do profissional de Psicologia no contexto escolar \u00e9 voltada para a facilita\u00e7\u00e3o da compreens\u00e3o e modifica\u00e7\u00e3o do comportamento de educandos e educadores em rela\u00e7\u00e3o aos processos de ensino e aprendizagem, trabalhando tamb\u00e9m as rela\u00e7\u00f5es e processos interpessoais. A esse profissional tamb\u00e9m compete promover interven\u00e7\u00f5es psicopedag\u00f3gicas individuais ou grupais, visando a promo\u00e7\u00e3o da qualidade, valoriza\u00e7\u00e3o e democratiza\u00e7\u00e3o do ensino.<\/p>\n<p style=\"text-align: justify;\">Para tanto, utiliza os conhecimentos da Psicologia de maneira a colaborar com a reflex\u00e3o e an\u00e1lise de pap\u00e9is desempenhados pelos professores. Trabalhos com comunidade escola s\u00e3o desenvolvidos objetivando: a facilita\u00e7\u00e3o da express\u00e3o e resolu\u00e7\u00e3o de poss\u00edveis dificuldades que prejudiquem o desenvolvimento de uma rela\u00e7\u00e3o saud\u00e1vel por parte dos integrantes da comunidade escolar; a elabora\u00e7\u00e3o e execu\u00e7\u00e3o de atividades voltadas para o ensino de modo que, atrav\u00e9s de uma a\u00e7\u00e3o interdisciplinar favore\u00e7am a aprendizagem; o planejamento, a execu\u00e7\u00e3o e a identifica\u00e7\u00e3o das caracter\u00edsticas dos envolvidos nos processos pedag\u00f3gicos.<\/p>\n<p style=\"text-align: justify;\">Dentre a lista de atribui\u00e7\u00f5es j\u00e1 citadas, \u00e9 interessante destacar que o profissional de Psicologia desenvolve, com os participantes do trabalho escolar (pais, alunos, diretores, professores, t\u00e9cnicos, pessoal administrativo), atividades visando prevenir, identificar e resolver problemas psicossociais que possam bloquear, na escola, o desenvolvimento de potencialidades, a auto-realiza\u00e7\u00e3o e o exerc\u00edcio da cidadania consciente. Tendo como objetivos contribuir para o desenvolvimento, integra\u00e7\u00e3o e reflex\u00e3o de quest\u00f5es de interesse da comunidade escolar, com a forma\u00e7\u00e3o e atua\u00e7\u00e3o de alunos e professores. Desta forma a orienta\u00e7\u00e3o educacional realiza-se com atividades em grupo, orienta\u00e7\u00e3o individual, trabalhando tamb\u00e9m a motiva\u00e7\u00e3o, a autoestima e apoio aos professores e demais profissionais da comunidade escolar; o\u00a0IEDQ conta com a Psic\u00f3loga Maria Aparecida Ara\u00fajo.<\/p>\n","protected":false},"excerpt":{"rendered":"<p>Com a preocupa\u00e7\u00e3o de formar cidad\u00e3os para al\u00e9m das compet\u00eancias acad\u00eamicas, \u00e9 fundamental o acompanhamento psicossocial dos alunos. Dessa forma, o desenvolvimento de potencialidades, problematiza\u00e7\u00e3o e reflex\u00e3o de quest\u00f5es que perpassam a forma\u00e7\u00e3o s\u00e3o devidamente acompanhados e facilitados. De acordo com as atribui\u00e7\u00f5es profissionais do psic\u00f3logo no Brasil, determinadas pelo Conselho Federal de Psicologia em [&hellip;]<\/p>\n","protected":false},"author":1,"featured_media":0,"parent":0,"menu_order":0,"comment_status":"open","ping_status":"open","template":"","meta":[],"yoast_head":"<!-- This site is optimized with the Yoast SEO plugin v18.2 - https:\/\/yoast.com\/wordpress\/plugins\/seo\/ -->\n<title>Orienta\u00e7\u00e3o Educacional - Instituto de Ensino Dom Quixote - Valen\u00e7a do Piau\u00ed - Piau\u00ed<\/title>\n<meta name=\"robots\" content=\"index, follow, max-snippet:-1, max-image-preview:large, max-video-preview:-1\" \/>\n<link rel=\"canonical\" href=\"https:\/\/www.iedq.com.br\/site\/orientacao-educacional\/\" \/>\n<meta property=\"og:locale\" content=\"pt_BR\" \/>\n<meta property=\"og:type\" content=\"article\" \/>\n<meta property=\"og:title\" content=\"Orienta\u00e7\u00e3o Educacional - Instituto de Ensino Dom Quixote - Valen\u00e7a do Piau\u00ed - Piau\u00ed\" \/>\n<meta property=\"og:description\" content=\"Com a preocupa\u00e7\u00e3o de formar cidad\u00e3os para al\u00e9m das compet\u00eancias acad\u00eamicas, \u00e9 fundamental o acompanhamento psicossocial dos alunos. Dessa forma, o desenvolvimento de potencialidades, problematiza\u00e7\u00e3o e reflex\u00e3o de quest\u00f5es que perpassam a forma\u00e7\u00e3o s\u00e3o devidamente acompanhados e facilitados. De acordo com as atribui\u00e7\u00f5es profissionais do psic\u00f3logo no Brasil, determinadas pelo Conselho Federal de Psicologia em [&hellip;]\" \/>\n<meta property=\"og:url\" content=\"https:\/\/www.iedq.com.br\/site\/orientacao-educacional\/\" \/>\n<meta property=\"og:site_name\" content=\"Instituto de Ensino Dom Quixote - Valen\u00e7a do Piau\u00ed - Piau\u00ed\" \/>\n<meta property=\"article:modified_time\" content=\"2016-03-17T13:24:34+00:00\" \/>\n<meta name=\"twitter:card\" content=\"summary_large_image\" \/>\n<meta name=\"twitter:label1\" content=\"Est. tempo de leitura\" \/>\n\t<meta name=\"twitter:data1\" content=\"2 minutos\" \/>\n<script type=\"application\/ld+json\" class=\"yoast-schema-graph\">{\"@context\":\"https:\/\/schema.org\",\"@graph\":[{\"@type\":\"Organization\",\"@id\":\"https:\/\/www.iedq.com.br\/site\/#organization\",\"name\":\"Instituto de Ensino Dom Quixote\",\"url\":\"https:\/\/www.iedq.com.br\/site\/\",\"sameAs\":[],\"logo\":{\"@type\":\"ImageObject\",\"@id\":\"https:\/\/www.iedq.com.br\/site\/#logo\",\"inLanguage\":\"pt-BR\",\"url\":\"https:\/\/www.iedq.com.br\/site\/wp-content\/uploads\/2015\/06\/logomarca_site.png\",\"contentUrl\":\"https:\/\/www.iedq.com.br\/site\/wp-content\/uploads\/2015\/06\/logomarca_site.png\",\"width\":228,\"height\":98,\"caption\":\"Instituto de Ensino Dom Quixote\"},\"image\":{\"@id\":\"https:\/\/www.iedq.com.br\/site\/#logo\"}},{\"@type\":\"WebSite\",\"@id\":\"https:\/\/www.iedq.com.br\/site\/#website\",\"url\":\"https:\/\/www.iedq.com.br\/site\/\",\"name\":\"Instituto de Ensino Dom Quixote - Valen\u00e7a do Piau\u00ed - Piau\u00ed\",\"description\":\"Escola privada de Valen\u00e7a do Piau\u00ed-PI\",\"publisher\":{\"@id\":\"https:\/\/www.iedq.com.br\/site\/#organization\"},\"potentialAction\":[{\"@type\":\"SearchAction\",\"target\":{\"@type\":\"EntryPoint\",\"urlTemplate\":\"https:\/\/www.iedq.com.br\/site\/?s={search_term_string}\"},\"query-input\":\"required name=search_term_string\"}],\"inLanguage\":\"pt-BR\"},{\"@type\":\"WebPage\",\"@id\":\"https:\/\/www.iedq.com.br\/site\/orientacao-educacional\/#webpage\",\"url\":\"https:\/\/www.iedq.com.br\/site\/orientacao-educacional\/\",\"name\":\"Orienta\u00e7\u00e3o Educacional - Instituto de Ensino Dom Quixote - Valen\u00e7a do Piau\u00ed - Piau\u00ed\",\"isPartOf\":{\"@id\":\"https:\/\/www.iedq.com.br\/site\/#website\"},\"datePublished\":\"2014-11-11T05:10:06+00:00\",\"dateModified\":\"2016-03-17T13:24:34+00:00\",\"breadcrumb\":{\"@id\":\"https:\/\/www.iedq.com.br\/site\/orientacao-educacional\/#breadcrumb\"},\"inLanguage\":\"pt-BR\",\"potentialAction\":[{\"@type\":\"ReadAction\",\"target\":[\"https:\/\/www.iedq.com.br\/site\/orientacao-educacional\/\"]}]},{\"@type\":\"BreadcrumbList\",\"@id\":\"https:\/\/www.iedq.com.br\/site\/orientacao-educacional\/#breadcrumb\",\"itemListElement\":[{\"@type\":\"ListItem\",\"position\":1,\"name\":\"In\u00edcio\",\"item\":\"https:\/\/www.iedq.com.br\/site\/\"},{\"@type\":\"ListItem\",\"position\":2,\"name\":\"Orienta\u00e7\u00e3o Educacional\"}]}]}<\/script>\n<!-- \/ Yoast SEO plugin. -->","yoast_head_json":{"title":"Orienta\u00e7\u00e3o Educacional - Instituto de Ensino Dom Quixote - Valen\u00e7a do Piau\u00ed - Piau\u00ed","robots":{"index":"index","follow":"follow","max-snippet":"max-snippet:-1","max-image-preview":"max-image-preview:large","max-video-preview":"max-video-preview:-1"},"canonical":"https:\/\/www.iedq.com.br\/site\/orientacao-educacional\/","og_locale":"pt_BR","og_type":"article","og_title":"Orienta\u00e7\u00e3o Educacional - Instituto de Ensino Dom Quixote - Valen\u00e7a do Piau\u00ed - Piau\u00ed","og_description":"Com a preocupa\u00e7\u00e3o de formar cidad\u00e3os para al\u00e9m das compet\u00eancias acad\u00eamicas, \u00e9 fundamental o acompanhamento psicossocial dos alunos. Dessa forma, o desenvolvimento de potencialidades, problematiza\u00e7\u00e3o e reflex\u00e3o de quest\u00f5es que perpassam a forma\u00e7\u00e3o s\u00e3o devidamente acompanhados e facilitados. De acordo com as atribui\u00e7\u00f5es profissionais do psic\u00f3logo no Brasil, determinadas pelo Conselho Federal de Psicologia em [&hellip;]","og_url":"https:\/\/www.iedq.com.br\/site\/orientacao-educacional\/","og_site_name":"Instituto de Ensino Dom Quixote - Valen\u00e7a do Piau\u00ed - Piau\u00ed","article_modified_time":"2016-03-17T13:24:34+00:00","twitter_card":"summary_large_image","twitter_misc":{"Est. tempo de leitura":"2 minutos"},"schema":{"@context":"https:\/\/schema.org","@graph":[{"@type":"Organization","@id":"https:\/\/www.iedq.com.br\/site\/#organization","name":"Instituto de Ensino Dom Quixote","url":"https:\/\/www.iedq.com.br\/site\/","sameAs":[],"logo":{"@type":"ImageObject","@id":"https:\/\/www.iedq.com.br\/site\/#logo","inLanguage":"pt-BR","url":"https:\/\/www.iedq.com.br\/site\/wp-content\/uploads\/2015\/06\/logomarca_site.png","contentUrl":"https:\/\/www.iedq.com.br\/site\/wp-content\/uploads\/2015\/06\/logomarca_site.png","width":228,"height":98,"caption":"Instituto de Ensino Dom Quixote"},"image":{"@id":"https:\/\/www.iedq.com.br\/site\/#logo"}},{"@type":"WebSite","@id":"https:\/\/www.iedq.com.br\/site\/#website","url":"https:\/\/www.iedq.com.br\/site\/","name":"Instituto de Ensino Dom Quixote - Valen\u00e7a do Piau\u00ed - Piau\u00ed","description":"Escola privada de Valen\u00e7a do Piau\u00ed-PI","publisher":{"@id":"https:\/\/www.iedq.com.br\/site\/#organization"},"potentialAction":[{"@type":"SearchAction","target":{"@type":"EntryPoint","urlTemplate":"https:\/\/www.iedq.com.br\/site\/?s={search_term_string}"},"query-input":"required name=search_term_string"}],"inLanguage":"pt-BR"},{"@type":"WebPage","@id":"https:\/\/www.iedq.com.br\/site\/orientacao-educacional\/#webpage","url":"https:\/\/www.iedq.com.br\/site\/orientacao-educacional\/","name":"Orienta\u00e7\u00e3o Educacional - Instituto de Ensino Dom Quixote - Valen\u00e7a do Piau\u00ed - Piau\u00ed","isPartOf":{"@id":"https:\/\/www.iedq.com.br\/site\/#website"},"datePublished":"2014-11-11T05:10:06+00:00","dateModified":"2016-03-17T13:24:34+00:00","breadcrumb":{"@id":"https:\/\/www.iedq.com.br\/site\/orientacao-educacional\/#breadcrumb"},"inLanguage":"pt-BR","potentialAction":[{"@type":"ReadAction","target":["https:\/\/www.iedq.com.br\/site\/orientacao-educacional\/"]}]},{"@type":"BreadcrumbList","@id":"https:\/\/www.iedq.com.br\/site\/orientacao-educacional\/#breadcrumb","itemListElement":[{"@type":"ListItem","position":1,"name":"In\u00edcio","item":"https:\/\/www.iedq.com.br\/site\/"},{"@type":"ListItem","position":2,"name":"Orienta\u00e7\u00e3o Educacional"}]}]}},"_links":{"self":[{"href":"https:\/\/www.iedq.com.br\/site\/wp-json\/wp\/v2\/pages\/104"}],"collection":[{"href":"https:\/\/www.iedq.com.br\/site\/wp-json\/wp\/v2\/pages"}],"about":[{"href":"https:\/\/www.iedq.com.br\/site\/wp-json\/wp\/v2\/types\/page"}],"author":[{"embeddable":true,"href":"https:\/\/www.iedq.com.br\/site\/wp-json\/wp\/v2\/users\/1"}],"replies":[{"embeddable":true,"href":"https:\/\/www.iedq.com.br\/site\/wp-json\/wp\/v2\/comments?post=104"}],"version-history":[{"count":5,"href":"https:\/\/www.iedq.com.br\/site\/wp-json\/wp\/v2\/pages\/104\/revisions"}],"predecessor-version":[{"id":1973,"href":"https:\/\/www.iedq.com.br\/site\/wp-json\/wp\/v2\/pages\/104\/revisions\/1973"}],"wp:attachment":[{"href":"https:\/\/www.iedq.com.br\/site\/wp-json\/wp\/v2\/media?parent=104"}],"curies":[{"name":"wp","href":"https:\/\/api.w.org\/{rel}","templated":true}]}}