{"id":26,"date":"2014-11-10T21:15:09","date_gmt":"2014-11-11T00:15:09","guid":{"rendered":"http:\/\/www.institutofrater.com.br\/site\/?page_id=26"},"modified":"2022-01-07T17:16:26","modified_gmt":"2022-01-07T22:16:26","slug":"espaco-fisico","status":"publish","type":"page","link":"https:\/\/www.iedq.com.br\/site\/espaco-fisico\/","title":{"rendered":"Espa\u00e7o F\u00edsico"},"content":{"rendered":"<p style=\"text-align: justify;\">O\u00a0Instituto de Ensino Dom Quixote \u2013 IEDQ,\u00a0conta atualmente com uma infraestrutura que abrange 18 salas, sendo: 13 salas de aula, 01 sala de Diretoria, 01 sala do setor Administrativo, 01 sala de Xerox, 01 sala da Secretaria e 01 sala dos Professores, 01 cantina, 01 quadra de esportes, 01 p\u00e1tio para recrea\u00e7\u00e3o e eventos, 03 banheiros, sendo: um masculino com 03 aparelhos sanit\u00e1rios, outro masculino com tr\u00eas aparelhos sanit\u00e1rios e 01 feminino com tr\u00eas aparelhos sanit\u00e1rios, 01 na sala do maternal e 01 na sala do Jardim I.<\/p>\n<p><a href=\"http:\/\/www.iedq.com.br\/site\/wp-content\/uploads\/2014\/11\/SAM_0172.jpg\" rel=\"attachment wp-att-1923\"><img loading=\"lazy\" class=\"aligncenter wp-image-1923\" src=\"http:\/\/www.iedq.com.br\/site\/wp-content\/uploads\/2014\/11\/SAM_0172-300x213.jpg\" alt=\"SAM_0172\" width=\"1200\" height=\"852\" srcset=\"https:\/\/www.iedq.com.br\/site\/wp-content\/uploads\/2014\/11\/SAM_0172-300x213.jpg 300w, https:\/\/www.iedq.com.br\/site\/wp-content\/uploads\/2014\/11\/SAM_0172-768x545.jpg 768w, https:\/\/www.iedq.com.br\/site\/wp-content\/uploads\/2014\/11\/SAM_0172-1024x727.jpg 1024w, https:\/\/www.iedq.com.br\/site\/wp-content\/uploads\/2014\/11\/SAM_0172-250x177.jpg 250w, https:\/\/www.iedq.com.br\/site\/wp-content\/uploads\/2014\/11\/SAM_0172-800x568.jpg 800w\" sizes=\"(max-width: 1200px) 100vw, 1200px\" \/><\/a><\/p>\n<p><a href=\"http:\/\/www.iedq.com.br\/site\/wp-content\/uploads\/2014\/11\/IMG-20160308-WA0005.jpg\" rel=\"attachment wp-att-1924\"><img loading=\"lazy\" class=\"aligncenter wp-image-1924\" src=\"http:\/\/www.iedq.com.br\/site\/wp-content\/uploads\/2014\/11\/IMG-20160308-WA0005-300x169.jpg\" alt=\"IMG-20160308-WA0005\" width=\"1200\" height=\"675\" srcset=\"https:\/\/www.iedq.com.br\/site\/wp-content\/uploads\/2014\/11\/IMG-20160308-WA0005-300x169.jpg 300w, https:\/\/www.iedq.com.br\/site\/wp-content\/uploads\/2014\/11\/IMG-20160308-WA0005-768x432.jpg 768w, https:\/\/www.iedq.com.br\/site\/wp-content\/uploads\/2014\/11\/IMG-20160308-WA0005-1024x576.jpg 1024w, https:\/\/www.iedq.com.br\/site\/wp-content\/uploads\/2014\/11\/IMG-20160308-WA0005-250x141.jpg 250w, https:\/\/www.iedq.com.br\/site\/wp-content\/uploads\/2014\/11\/IMG-20160308-WA0005-800x450.jpg 800w, https:\/\/www.iedq.com.br\/site\/wp-content\/uploads\/2014\/11\/IMG-20160308-WA0005.jpg 1600w\" sizes=\"(max-width: 1200px) 100vw, 1200px\" \/><\/a><\/p>\n<p><a href=\"http:\/\/www.iedq.com.br\/site\/wp-content\/uploads\/2014\/11\/SAM_0166.jpg\" rel=\"attachment wp-att-1925\"><img loading=\"lazy\" class=\"aligncenter wp-image-1925\" src=\"http:\/\/www.iedq.com.br\/site\/wp-content\/uploads\/2014\/11\/SAM_0166-300x225.jpg\" alt=\"SAM_0166\" width=\"1200\" height=\"900\" srcset=\"https:\/\/www.iedq.com.br\/site\/wp-content\/uploads\/2014\/11\/SAM_0166-300x225.jpg 300w, https:\/\/www.iedq.com.br\/site\/wp-content\/uploads\/2014\/11\/SAM_0166-768x576.jpg 768w, https:\/\/www.iedq.com.br\/site\/wp-content\/uploads\/2014\/11\/SAM_0166-1024x768.jpg 1024w, https:\/\/www.iedq.com.br\/site\/wp-content\/uploads\/2014\/11\/SAM_0166-250x188.jpg 250w, https:\/\/www.iedq.com.br\/site\/wp-content\/uploads\/2014\/11\/SAM_0166-800x600.jpg 800w\" sizes=\"(max-width: 1200px) 100vw, 1200px\" \/><\/a><\/p>\n<p><a href=\"http:\/\/www.iedq.com.br\/site\/wp-content\/uploads\/2014\/11\/SAM_0163.jpg\" rel=\"attachment wp-att-1926\"><img loading=\"lazy\" class=\"aligncenter wp-image-1926\" src=\"http:\/\/www.iedq.com.br\/site\/wp-content\/uploads\/2014\/11\/SAM_0163-300x225.jpg\" alt=\"SAM_0163\" width=\"1200\" height=\"900\" srcset=\"https:\/\/www.iedq.com.br\/site\/wp-content\/uploads\/2014\/11\/SAM_0163-300x225.jpg 300w, https:\/\/www.iedq.com.br\/site\/wp-content\/uploads\/2014\/11\/SAM_0163-768x576.jpg 768w, https:\/\/www.iedq.com.br\/site\/wp-content\/uploads\/2014\/11\/SAM_0163-1024x768.jpg 1024w, https:\/\/www.iedq.com.br\/site\/wp-content\/uploads\/2014\/11\/SAM_0163-250x188.jpg 250w, https:\/\/www.iedq.com.br\/site\/wp-content\/uploads\/2014\/11\/SAM_0163-800x600.jpg 800w\" sizes=\"(max-width: 1200px) 100vw, 1200px\" \/><\/a><\/p>\n","protected":false},"excerpt":{"rendered":"<p>O\u00a0Instituto de Ensino Dom Quixote \u2013 IEDQ,\u00a0conta atualmente com uma infraestrutura que abrange 18 salas, sendo: 13 salas de aula, 01 sala de Diretoria, 01 sala do setor Administrativo, 01 sala de Xerox, 01 sala da Secretaria e 01 sala dos Professores, 01 cantina, 01 quadra de esportes, 01 p\u00e1tio para recrea\u00e7\u00e3o e eventos, 03 [&hellip;]<\/p>\n","protected":false},"author":1,"featured_media":0,"parent":0,"menu_order":0,"comment_status":"open","ping_status":"open","template":"","meta":[],"yoast_head":"<!-- This site is optimized with the Yoast SEO plugin v18.2 - https:\/\/yoast.com\/wordpress\/plugins\/seo\/ -->\n<title>Espa\u00e7o F\u00edsico - Instituto de Ensino Dom Quixote - Valen\u00e7a do Piau\u00ed - Piau\u00ed<\/title>\n<meta name=\"robots\" content=\"index, follow, max-snippet:-1, max-image-preview:large, max-video-preview:-1\" \/>\n<link rel=\"canonical\" href=\"https:\/\/www.iedq.com.br\/site\/espaco-fisico\/\" \/>\n<meta property=\"og:locale\" content=\"pt_BR\" \/>\n<meta property=\"og:type\" content=\"article\" \/>\n<meta property=\"og:title\" content=\"Espa\u00e7o F\u00edsico - Instituto de Ensino Dom Quixote - Valen\u00e7a do Piau\u00ed - Piau\u00ed\" \/>\n<meta property=\"og:description\" content=\"O\u00a0Instituto de Ensino Dom Quixote \u2013 IEDQ,\u00a0conta atualmente com uma infraestrutura que abrange 18 salas, sendo: 13 salas de aula, 01 sala de Diretoria, 01 sala do setor Administrativo, 01 sala de Xerox, 01 sala da Secretaria e 01 sala dos Professores, 01 cantina, 01 quadra de esportes, 01 p\u00e1tio para recrea\u00e7\u00e3o e eventos, 03 [&hellip;]\" \/>\n<meta property=\"og:url\" content=\"https:\/\/www.iedq.com.br\/site\/espaco-fisico\/\" \/>\n<meta property=\"og:site_name\" content=\"Instituto de Ensino Dom Quixote - Valen\u00e7a do Piau\u00ed - Piau\u00ed\" \/>\n<meta property=\"article:modified_time\" content=\"2022-01-07T22:16:26+00:00\" \/>\n<meta property=\"og:image\" content=\"http:\/\/www.iedq.com.br\/site\/wp-content\/uploads\/2014\/11\/SAM_0172-300x213.jpg\" \/>\n<meta name=\"twitter:card\" content=\"summary_large_image\" \/>\n<script type=\"application\/ld+json\" class=\"yoast-schema-graph\">{\"@context\":\"https:\/\/schema.org\",\"@graph\":[{\"@type\":\"Organization\",\"@id\":\"https:\/\/www.iedq.com.br\/site\/#organization\",\"name\":\"Instituto de Ensino Dom Quixote\",\"url\":\"https:\/\/www.iedq.com.br\/site\/\",\"sameAs\":[],\"logo\":{\"@type\":\"ImageObject\",\"@id\":\"https:\/\/www.iedq.com.br\/site\/#logo\",\"inLanguage\":\"pt-BR\",\"url\":\"https:\/\/www.iedq.com.br\/site\/wp-content\/uploads\/2015\/06\/logomarca_site.png\",\"contentUrl\":\"https:\/\/www.iedq.com.br\/site\/wp-content\/uploads\/2015\/06\/logomarca_site.png\",\"width\":228,\"height\":98,\"caption\":\"Instituto de Ensino Dom Quixote\"},\"image\":{\"@id\":\"https:\/\/www.iedq.com.br\/site\/#logo\"}},{\"@type\":\"WebSite\",\"@id\":\"https:\/\/www.iedq.com.br\/site\/#website\",\"url\":\"https:\/\/www.iedq.com.br\/site\/\",\"name\":\"Instituto de Ensino Dom Quixote - Valen\u00e7a do Piau\u00ed - Piau\u00ed\",\"description\":\"Escola privada de Valen\u00e7a do Piau\u00ed-PI\",\"publisher\":{\"@id\":\"https:\/\/www.iedq.com.br\/site\/#organization\"},\"potentialAction\":[{\"@type\":\"SearchAction\",\"target\":{\"@type\":\"EntryPoint\",\"urlTemplate\":\"https:\/\/www.iedq.com.br\/site\/?s={search_term_string}\"},\"query-input\":\"required name=search_term_string\"}],\"inLanguage\":\"pt-BR\"},{\"@type\":\"ImageObject\",\"@id\":\"https:\/\/www.iedq.com.br\/site\/espaco-fisico\/#primaryimage\",\"inLanguage\":\"pt-BR\",\"url\":\"http:\/\/www.iedq.com.br\/site\/wp-content\/uploads\/2014\/11\/SAM_0172-300x213.jpg\",\"contentUrl\":\"http:\/\/www.iedq.com.br\/site\/wp-content\/uploads\/2014\/11\/SAM_0172-300x213.jpg\"},{\"@type\":\"WebPage\",\"@id\":\"https:\/\/www.iedq.com.br\/site\/espaco-fisico\/#webpage\",\"url\":\"https:\/\/www.iedq.com.br\/site\/espaco-fisico\/\",\"name\":\"Espa\u00e7o F\u00edsico - Instituto de Ensino Dom Quixote - Valen\u00e7a do Piau\u00ed - Piau\u00ed\",\"isPartOf\":{\"@id\":\"https:\/\/www.iedq.com.br\/site\/#website\"},\"primaryImageOfPage\":{\"@id\":\"https:\/\/www.iedq.com.br\/site\/espaco-fisico\/#primaryimage\"},\"datePublished\":\"2014-11-11T00:15:09+00:00\",\"dateModified\":\"2022-01-07T22:16:26+00:00\",\"breadcrumb\":{\"@id\":\"https:\/\/www.iedq.com.br\/site\/espaco-fisico\/#breadcrumb\"},\"inLanguage\":\"pt-BR\",\"potentialAction\":[{\"@type\":\"ReadAction\",\"target\":[\"https:\/\/www.iedq.com.br\/site\/espaco-fisico\/\"]}]},{\"@type\":\"BreadcrumbList\",\"@id\":\"https:\/\/www.iedq.com.br\/site\/espaco-fisico\/#breadcrumb\",\"itemListElement\":[{\"@type\":\"ListItem\",\"position\":1,\"name\":\"In\u00edcio\",\"item\":\"https:\/\/www.iedq.com.br\/site\/\"},{\"@type\":\"ListItem\",\"position\":2,\"name\":\"Espa\u00e7o F\u00edsico\"}]}]}<\/script>\n<!-- \/ Yoast SEO plugin. -->","yoast_head_json":{"title":"Espa\u00e7o F\u00edsico - Instituto de Ensino Dom Quixote - Valen\u00e7a do Piau\u00ed - Piau\u00ed","robots":{"index":"index","follow":"follow","max-snippet":"max-snippet:-1","max-image-preview":"max-image-preview:large","max-video-preview":"max-video-preview:-1"},"canonical":"https:\/\/www.iedq.com.br\/site\/espaco-fisico\/","og_locale":"pt_BR","og_type":"article","og_title":"Espa\u00e7o F\u00edsico - Instituto de Ensino Dom Quixote - Valen\u00e7a do Piau\u00ed - Piau\u00ed","og_description":"O\u00a0Instituto de Ensino Dom Quixote \u2013 IEDQ,\u00a0conta atualmente com uma infraestrutura que abrange 18 salas, sendo: 13 salas de aula, 01 sala de Diretoria, 01 sala do setor Administrativo, 01 sala de Xerox, 01 sala da Secretaria e 01 sala dos Professores, 01 cantina, 01 quadra de esportes, 01 p\u00e1tio para recrea\u00e7\u00e3o e eventos, 03 [&hellip;]","og_url":"https:\/\/www.iedq.com.br\/site\/espaco-fisico\/","og_site_name":"Instituto de Ensino Dom Quixote - Valen\u00e7a do Piau\u00ed - Piau\u00ed","article_modified_time":"2022-01-07T22:16:26+00:00","og_image":[{"url":"http:\/\/www.iedq.com.br\/site\/wp-content\/uploads\/2014\/11\/SAM_0172-300x213.jpg"}],"twitter_card":"summary_large_image","schema":{"@context":"https:\/\/schema.org","@graph":[{"@type":"Organization","@id":"https:\/\/www.iedq.com.br\/site\/#organization","name":"Instituto de Ensino Dom Quixote","url":"https:\/\/www.iedq.com.br\/site\/","sameAs":[],"logo":{"@type":"ImageObject","@id":"https:\/\/www.iedq.com.br\/site\/#logo","inLanguage":"pt-BR","url":"https:\/\/www.iedq.com.br\/site\/wp-content\/uploads\/2015\/06\/logomarca_site.png","contentUrl":"https:\/\/www.iedq.com.br\/site\/wp-content\/uploads\/2015\/06\/logomarca_site.png","width":228,"height":98,"caption":"Instituto de Ensino Dom Quixote"},"image":{"@id":"https:\/\/www.iedq.com.br\/site\/#logo"}},{"@type":"WebSite","@id":"https:\/\/www.iedq.com.br\/site\/#website","url":"https:\/\/www.iedq.com.br\/site\/","name":"Instituto de Ensino Dom Quixote - Valen\u00e7a do Piau\u00ed - Piau\u00ed","description":"Escola privada de Valen\u00e7a do Piau\u00ed-PI","publisher":{"@id":"https:\/\/www.iedq.com.br\/site\/#organization"},"potentialAction":[{"@type":"SearchAction","target":{"@type":"EntryPoint","urlTemplate":"https:\/\/www.iedq.com.br\/site\/?s={search_term_string}"},"query-input":"required name=search_term_string"}],"inLanguage":"pt-BR"},{"@type":"ImageObject","@id":"https:\/\/www.iedq.com.br\/site\/espaco-fisico\/#primaryimage","inLanguage":"pt-BR","url":"http:\/\/www.iedq.com.br\/site\/wp-content\/uploads\/2014\/11\/SAM_0172-300x213.jpg","contentUrl":"http:\/\/www.iedq.com.br\/site\/wp-content\/uploads\/2014\/11\/SAM_0172-300x213.jpg"},{"@type":"WebPage","@id":"https:\/\/www.iedq.com.br\/site\/espaco-fisico\/#webpage","url":"https:\/\/www.iedq.com.br\/site\/espaco-fisico\/","name":"Espa\u00e7o F\u00edsico - Instituto de Ensino Dom Quixote - Valen\u00e7a do Piau\u00ed - Piau\u00ed","isPartOf":{"@id":"https:\/\/www.iedq.com.br\/site\/#website"},"primaryImageOfPage":{"@id":"https:\/\/www.iedq.com.br\/site\/espaco-fisico\/#primaryimage"},"datePublished":"2014-11-11T00:15:09+00:00","dateModified":"2022-01-07T22:16:26+00:00","breadcrumb":{"@id":"https:\/\/www.iedq.com.br\/site\/espaco-fisico\/#breadcrumb"},"inLanguage":"pt-BR","potentialAction":[{"@type":"ReadAction","target":["https:\/\/www.iedq.com.br\/site\/espaco-fisico\/"]}]},{"@type":"BreadcrumbList","@id":"https:\/\/www.iedq.com.br\/site\/espaco-fisico\/#breadcrumb","itemListElement":[{"@type":"ListItem","position":1,"name":"In\u00edcio","item":"https:\/\/www.iedq.com.br\/site\/"},{"@type":"ListItem","position":2,"name":"Espa\u00e7o F\u00edsico"}]}]}},"_links":{"self":[{"href":"https:\/\/www.iedq.com.br\/site\/wp-json\/wp\/v2\/pages\/26"}],"collection":[{"href":"https:\/\/www.iedq.com.br\/site\/wp-json\/wp\/v2\/pages"}],"about":[{"href":"https:\/\/www.iedq.com.br\/site\/wp-json\/wp\/v2\/types\/page"}],"author":[{"embeddable":true,"href":"https:\/\/www.iedq.com.br\/site\/wp-json\/wp\/v2\/users\/1"}],"replies":[{"embeddable":true,"href":"https:\/\/www.iedq.com.br\/site\/wp-json\/wp\/v2\/comments?post=26"}],"version-history":[{"count":14,"href":"https:\/\/www.iedq.com.br\/site\/wp-json\/wp\/v2\/pages\/26\/revisions"}],"predecessor-version":[{"id":30948,"href":"https:\/\/www.iedq.com.br\/site\/wp-json\/wp\/v2\/pages\/26\/revisions\/30948"}],"wp:attachment":[{"href":"https:\/\/www.iedq.com.br\/site\/wp-json\/wp\/v2\/media?parent=26"}],"curies":[{"name":"wp","href":"https:\/\/api.w.org\/{rel}","templated":true}]}}