{"id":28,"date":"2014-11-10T21:16:50","date_gmt":"2014-11-11T00:16:50","guid":{"rendered":"http:\/\/www.institutofrater.com.br\/site\/?page_id=28"},"modified":"2020-04-16T14:09:19","modified_gmt":"2020-04-16T19:09:19","slug":"projetos","status":"publish","type":"page","link":"https:\/\/www.iedq.com.br\/site\/projetos\/","title":{"rendered":"Projetos"},"content":{"rendered":"<p><a href=\"http:\/\/www.iedq.com.br\/site\/wp-content\/uploads\/2014\/11\/PROJETO-CARNAVAL-1.pdf\" rel=\"\">PROJETO CARNAVAL<\/a><\/p>\n<p><a href=\"http:\/\/www.iedq.com.br\/site\/wp-content\/uploads\/2014\/11\/PROJETO-EDUCA\u00c7\u00c3O-E-CIDADANIA-ASSOCIADA-AO-COMBATE-AO-AEDES-AEGYPTI-1.pdf\" rel=\"\">PROJETO EDUCA\u00c7\u00c3O E CIDADANIA ASSOCIADA AO COMBATE AO AEDES AEGYPTI<\/a><\/p>\n<p><a href=\"http:\/\/www.iedq.com.br\/site\/wp-content\/uploads\/2014\/11\/PROJETO-PEQUENO-ESCRITOR.pdf\">PROJETO PEQUENO ESCRITOR<\/a><\/p>\n<p><a href=\"http:\/\/www.iedq.com.br\/site\/wp-content\/uploads\/2016\/08\/PROJETO-POEME-SE.pdf\">PROJETO POEME-SE<\/a><\/p>\n<p><a href=\"http:\/\/www.iedq.com.br\/site\/wp-content\/uploads\/2014\/11\/PROJETO-CONCURSO-DE-REDA\u00c7\u00c3O.pdf\">PROJETO CONCURSO DE REDA\u00c7\u00c3O<\/a><\/p>\n<p><a href=\"http:\/\/www.iedq.com.br\/site\/wp-content\/uploads\/2014\/11\/PROJETO-DENGUE-CULMIN\u00c2NCIA.pdf\">PROJETO DENGUE CULMIN\u00c2NCIA<\/a><\/p>\n<p><a href=\"http:\/\/www.iedq.com.br\/site\/wp-content\/uploads\/2014\/11\/PROJETO-ARRAIAL-IEDQ.pdf\">PROJETO ARRAIAL IEDQ<\/a><\/p>\n<p><a href=\"http:\/\/www.iedq.com.br\/site\/wp-content\/uploads\/2014\/11\/PROJETO-CORRENTE-DO-BEM.pdf\">PROJETO CORRENTE DO BEM<\/a><\/p>\n<p><a href=\"http:\/\/www.iedq.com.br\/site\/wp-content\/uploads\/2014\/11\/PROJETO-MINHA-IDEIA-BRILHANTE.pdf\">PROJETO MINHA IDEIA BRILHANTE<\/a><\/p>\n<p><a href=\"http:\/\/www.iedq.com.br\/site\/wp-content\/uploads\/2014\/11\/CARNAVAL-NA-EDUCA\u00c7\u00c3O-INFANTIL-2017.pdf\">CARNAVAL NA EDUCA\u00c7\u00c3O INFANTIL 2017<\/a><\/p>\n<p><a href=\"http:\/\/www.iedq.com.br\/site\/wp-content\/uploads\/2014\/11\/DESFILE-DE-CARNAVAL.pdf\">DESFILE DE CARNAVAL<\/a><\/p>\n<p><a href=\"http:\/\/www.iedq.com.br\/site\/wp-content\/uploads\/2014\/11\/CAF\u00c9-LITER\u00c1RIO-2017.pdf\">CAF\u00c9 LITER\u00c1RIO 2017<\/a><\/p>\n<p><a href=\"http:\/\/www.iedq.com.br\/site\/wp-content\/uploads\/2014\/11\/IEDQ-realiza-palestra-com-os-alunos-do-3\u00ba-ano-2017.pdf\">IEDQ realiza palestra com os alunos do 3\u00ba ano &#8211; 2017<\/a><\/p>\n<p><a href=\"http:\/\/www.iedq.com.br\/site\/wp-content\/uploads\/2014\/11\/DIA-DO-CIRCO.pdf\">DIA DO CIRCO<\/a><\/p>\n<p><a href=\"http:\/\/www.iedq.com.br\/site\/wp-content\/uploads\/2014\/11\/IEDQ-CELEBRA-A-P\u00c1SCOA.pdf\">IEDQ CELEBRA A P\u00c1SCOA<\/a><\/p>\n<p><a href=\"http:\/\/www.iedq.com.br\/site\/wp-content\/uploads\/2014\/11\/UMA-P\u00c1SCOA-PARA-O-BEM-DE-TODOS.pdf\">UMA P\u00c1SCOA PARA O BEM DE TODOS<\/a><\/p>\n<p><a href=\"http:\/\/www.iedq.com.br\/site\/wp-content\/uploads\/2014\/11\/COMEMORA\u00c7\u00c3O-DIA-DO-LIVRO.pdf\">COMEMORA\u00c7\u00c3O DIA DO LIVRO<\/a><\/p>\n<p><a href=\"http:\/\/www.iedq.com.br\/site\/wp-content\/uploads\/2014\/11\/DIA-DO-\u00cdNDIO.pdf\">DIA DO \u00cdNDIO<\/a><\/p>\n<p><a href=\"http:\/\/www.iedq.com.br\/site\/wp-content\/uploads\/2014\/11\/PINACOTECA-ALUNOS-3\u00ba-ANO.pdf\">PINACOTECA ALUNOS 3\u00ba ANO<\/a><\/p>\n<p><a href=\"http:\/\/www.iedq.com.br\/site\/wp-content\/uploads\/2014\/11\/VISITA-A-SECRETARIA-DE-CULTURA.pdf\">VISITA A SECRETARIA DE CULTURA<\/a><\/p>\n<p><a href=\"http:\/\/www.iedq.com.br\/site\/wp-content\/uploads\/2014\/11\/AULA-PASSEIO-AO-BURITIZAL.pdf\">AULA PASSEIO AO BURITIZAL<\/a><\/p>\n<p><a href=\"http:\/\/www.iedq.com.br\/site\/wp-content\/uploads\/2014\/11\/TRABALHO-SOBRE-A-\u00c1GUA.pdf\">TRABALHO SOBRE A \u00c1GUA<\/a><\/p>\n<p><a href=\"http:\/\/www.iedq.com.br\/site\/wp-content\/uploads\/2014\/11\/TRABALHO-SOBRE-ALIMENTA\u00c7\u00c3O-SAUD\u00c1VEL.pdf\">TRABALHO SOBRE ALIMENTA\u00c7\u00c3O SAUD\u00c1VEL<\/a><\/p>\n<p><a href=\"http:\/\/www.iedq.com.br\/site\/wp-content\/uploads\/2014\/11\/COMEMORA\u00c7\u00c3O-DIA-DAS-M\u00c3ES.pdf\">COMEMORA\u00c7\u00c3O DIA DAS M\u00c3ES<\/a><\/p>\n<p><a href=\"http:\/\/www.iedq.com.br\/site\/wp-content\/uploads\/2014\/11\/PALESTRA-ALUNOS-3\u00ba-ANO.pdf\">PALESTRA ALUNOS 3\u00ba ANO<\/a><\/p>\n<p><a href=\"http:\/\/www.iedq.com.br\/site\/wp-content\/uploads\/2014\/11\/PEQUENOS-ARQUITETOS.pdf\">PEQUENOS ARQUITETOS<\/a><\/p>\n<p><a href=\"http:\/\/www.iedq.com.br\/site\/wp-content\/uploads\/2014\/11\/DIA-DO-MEIO-AMBIENTE.pdf\">DIA DO MEIO AMBIENTE<\/a><\/p>\n<p><a href=\"http:\/\/www.iedq.com.br\/site\/wp-content\/uploads\/2014\/11\/APRENDER-BRINCANDO.pdf\">APRENDER BRINCANDO<\/a><\/p>\n<p><a href=\"http:\/\/www.iedq.com.br\/site\/wp-content\/uploads\/2014\/11\/TRABALHO-SOBRE-O-RELEVO.pdf\">TRABALHO SOBRE O RELEVO<\/a><\/p>\n<p><a href=\"http:\/\/www.iedq.com.br\/site\/wp-content\/uploads\/2014\/11\/TRABALHO-INTERDISCIPLINAR.pdf\">TRABALHO INTERDISCIPLINAR<\/a><\/p>\n<p><a href=\"http:\/\/www.iedq.com.br\/site\/wp-content\/uploads\/2014\/11\/TRABALHO-SOBRE-AS-VIRTUDES.pdf\">TRABALHO SOBRE AS VIRTUDES<\/a><\/p>\n<p><a href=\"http:\/\/www.iedq.com.br\/site\/wp-content\/uploads\/2014\/11\/DESFILE-CIVICO-2017.pdf\">DESFILE CIVICO 2017<\/a><\/p>\n<p><a href=\"http:\/\/www.iedq.com.br\/site\/wp-content\/uploads\/2014\/11\/PROJETO-PEQUENO-EMPREENDEDOR.pdf\">PROJETO PEQUENO EMPREENDEDOR<\/a><\/p>\n<p><a href=\"http:\/\/www.iedq.com.br\/site\/wp-content\/uploads\/2014\/11\/DIA-DO-FOLCLORE.pdf\">DIA DO FOLCLORE<\/a><\/p>\n<p><a href=\"http:\/\/www.iedq.com.br\/site\/wp-content\/uploads\/2014\/11\/PALESTRA-FOR\u00c7A-T\u00c1TICA.pdf\">PALESTRA FOR\u00c7A T\u00c1TICA<\/a><\/p>\n<p><a href=\"http:\/\/www.iedq.com.br\/site\/wp-content\/uploads\/2014\/11\/COMEMORA\u00c7\u00c3O-DIA-DOS-PAIS.pdf\">COMEMORA\u00c7\u00c3O DIA DOS PAIS<\/a><\/p>\n<p><a href=\"http:\/\/www.iedq.com.br\/site\/wp-content\/uploads\/2014\/11\/MAQUETES.pdf\">MAQUETES<\/a><\/p>\n<p><a href=\"http:\/\/www.iedq.com.br\/site\/wp-content\/uploads\/2014\/11\/AULA-COM-FANTOCHES.pdf\">AULA COM FANTOCHES<\/a><\/p>\n<p><a href=\"http:\/\/www.iedq.com.br\/site\/wp-content\/uploads\/2014\/11\/ARRAIAL-2017-1.pdf\">ARRAIAL 2017<\/a><\/p>\n<p><a href=\"http:\/\/www.iedq.com.br\/site\/wp-content\/uploads\/2014\/11\/AN\u00c1LISE-PARADID\u00c1TICO.pdf\">AN\u00c1LISE PARADID\u00c1TICO<\/a><\/p>\n<p><a href=\"http:\/\/www.iedq.com.br\/site\/wp-content\/uploads\/2014\/11\/DAN\u00c7AS-T\u00cdPICAS.pdf\">DAN\u00c7AS T\u00cdPICAS<\/a><\/p>\n<p><a href=\"http:\/\/www.iedq.com.br\/site\/wp-content\/uploads\/2014\/11\/COMEMORA\u00c7\u00c3O-DIA-DAS-CRIAN\u00c7AS.pdf\">COMEMORA\u00c7\u00c3O DIA DAS CRIAN\u00c7AS<\/a><\/p>\n<p><a href=\"http:\/\/www.iedq.com.br\/site\/wp-content\/uploads\/2014\/11\/PALESTRA-COM-O-PROFESSOR-ANTONIO-JOS\u00c9.pdf\">PALESTRA COM O PROFESSOR ANTONIO JOS\u00c9<\/a><\/p>\n<p><a href=\"http:\/\/www.iedq.com.br\/site\/wp-content\/uploads\/2014\/11\/ENCERRAMENTO-EDUCA\u00c7\u00c3O-F\u00cdSICA.pdf\">ENCERRAMENTO EDUCA\u00c7\u00c3O F\u00cdSICA<\/a><\/p>\n<p><a href=\"https:\/\/www.iedq.com.br\/site\/wp-content\/uploads\/2014\/11\/NOITE-DE-AUT\u00d3GRAFOS.pdf\">NOITE DE AUT\u00d3GRAFOS<\/a><\/p>\n<p>&nbsp;<\/p>\n","protected":false},"excerpt":{"rendered":"<p>PROJETO CARNAVAL PROJETO EDUCA\u00c7\u00c3O E CIDADANIA ASSOCIADA AO COMBATE AO AEDES AEGYPTI PROJETO PEQUENO ESCRITOR PROJETO POEME-SE PROJETO CONCURSO DE REDA\u00c7\u00c3O PROJETO DENGUE CULMIN\u00c2NCIA PROJETO ARRAIAL IEDQ PROJETO CORRENTE DO BEM PROJETO MINHA IDEIA BRILHANTE CARNAVAL NA EDUCA\u00c7\u00c3O INFANTIL 2017 DESFILE DE CARNAVAL CAF\u00c9 LITER\u00c1RIO 2017 IEDQ realiza palestra com os alunos do 3\u00ba ano [&hellip;]<\/p>\n","protected":false},"author":1,"featured_media":0,"parent":0,"menu_order":0,"comment_status":"open","ping_status":"open","template":"","meta":[],"yoast_head":"<!-- This site is optimized with the Yoast SEO plugin v18.2 - https:\/\/yoast.com\/wordpress\/plugins\/seo\/ -->\n<title>Projetos - Instituto de Ensino Dom Quixote - Valen\u00e7a do Piau\u00ed - Piau\u00ed<\/title>\n<meta name=\"robots\" content=\"index, follow, max-snippet:-1, max-image-preview:large, max-video-preview:-1\" \/>\n<link rel=\"canonical\" href=\"https:\/\/www.iedq.com.br\/site\/projetos\/\" \/>\n<meta property=\"og:locale\" content=\"pt_BR\" \/>\n<meta property=\"og:type\" content=\"article\" \/>\n<meta property=\"og:title\" content=\"Projetos - Instituto de Ensino Dom Quixote - Valen\u00e7a do Piau\u00ed - Piau\u00ed\" \/>\n<meta property=\"og:description\" content=\"PROJETO CARNAVAL PROJETO EDUCA\u00c7\u00c3O E CIDADANIA ASSOCIADA AO COMBATE AO AEDES AEGYPTI PROJETO PEQUENO ESCRITOR PROJETO POEME-SE PROJETO CONCURSO DE REDA\u00c7\u00c3O PROJETO DENGUE CULMIN\u00c2NCIA PROJETO ARRAIAL IEDQ PROJETO CORRENTE DO BEM PROJETO MINHA IDEIA BRILHANTE CARNAVAL NA EDUCA\u00c7\u00c3O INFANTIL 2017 DESFILE DE CARNAVAL CAF\u00c9 LITER\u00c1RIO 2017 IEDQ realiza palestra com os alunos do 3\u00ba ano [&hellip;]\" \/>\n<meta property=\"og:url\" content=\"https:\/\/www.iedq.com.br\/site\/projetos\/\" \/>\n<meta property=\"og:site_name\" content=\"Instituto de Ensino Dom Quixote - Valen\u00e7a do Piau\u00ed - Piau\u00ed\" \/>\n<meta property=\"article:modified_time\" content=\"2020-04-16T19:09:19+00:00\" \/>\n<meta name=\"twitter:card\" content=\"summary_large_image\" \/>\n<meta name=\"twitter:label1\" content=\"Est. tempo de leitura\" \/>\n\t<meta name=\"twitter:data1\" content=\"1 minuto\" \/>\n<script type=\"application\/ld+json\" class=\"yoast-schema-graph\">{\"@context\":\"https:\/\/schema.org\",\"@graph\":[{\"@type\":\"Organization\",\"@id\":\"https:\/\/www.iedq.com.br\/site\/#organization\",\"name\":\"Instituto de Ensino Dom Quixote\",\"url\":\"https:\/\/www.iedq.com.br\/site\/\",\"sameAs\":[],\"logo\":{\"@type\":\"ImageObject\",\"@id\":\"https:\/\/www.iedq.com.br\/site\/#logo\",\"inLanguage\":\"pt-BR\",\"url\":\"https:\/\/www.iedq.com.br\/site\/wp-content\/uploads\/2015\/06\/logomarca_site.png\",\"contentUrl\":\"https:\/\/www.iedq.com.br\/site\/wp-content\/uploads\/2015\/06\/logomarca_site.png\",\"width\":228,\"height\":98,\"caption\":\"Instituto de Ensino Dom Quixote\"},\"image\":{\"@id\":\"https:\/\/www.iedq.com.br\/site\/#logo\"}},{\"@type\":\"WebSite\",\"@id\":\"https:\/\/www.iedq.com.br\/site\/#website\",\"url\":\"https:\/\/www.iedq.com.br\/site\/\",\"name\":\"Instituto de Ensino Dom Quixote - Valen\u00e7a do Piau\u00ed - Piau\u00ed\",\"description\":\"Escola privada de Valen\u00e7a do Piau\u00ed-PI\",\"publisher\":{\"@id\":\"https:\/\/www.iedq.com.br\/site\/#organization\"},\"potentialAction\":[{\"@type\":\"SearchAction\",\"target\":{\"@type\":\"EntryPoint\",\"urlTemplate\":\"https:\/\/www.iedq.com.br\/site\/?s={search_term_string}\"},\"query-input\":\"required name=search_term_string\"}],\"inLanguage\":\"pt-BR\"},{\"@type\":\"WebPage\",\"@id\":\"https:\/\/www.iedq.com.br\/site\/projetos\/#webpage\",\"url\":\"https:\/\/www.iedq.com.br\/site\/projetos\/\",\"name\":\"Projetos - Instituto de Ensino Dom Quixote - Valen\u00e7a do Piau\u00ed - Piau\u00ed\",\"isPartOf\":{\"@id\":\"https:\/\/www.iedq.com.br\/site\/#website\"},\"datePublished\":\"2014-11-11T00:16:50+00:00\",\"dateModified\":\"2020-04-16T19:09:19+00:00\",\"breadcrumb\":{\"@id\":\"https:\/\/www.iedq.com.br\/site\/projetos\/#breadcrumb\"},\"inLanguage\":\"pt-BR\",\"potentialAction\":[{\"@type\":\"ReadAction\",\"target\":[\"https:\/\/www.iedq.com.br\/site\/projetos\/\"]}]},{\"@type\":\"BreadcrumbList\",\"@id\":\"https:\/\/www.iedq.com.br\/site\/projetos\/#breadcrumb\",\"itemListElement\":[{\"@type\":\"ListItem\",\"position\":1,\"name\":\"In\u00edcio\",\"item\":\"https:\/\/www.iedq.com.br\/site\/\"},{\"@type\":\"ListItem\",\"position\":2,\"name\":\"Projetos\"}]}]}<\/script>\n<!-- \/ Yoast SEO plugin. -->","yoast_head_json":{"title":"Projetos - Instituto de Ensino Dom Quixote - Valen\u00e7a do Piau\u00ed - Piau\u00ed","robots":{"index":"index","follow":"follow","max-snippet":"max-snippet:-1","max-image-preview":"max-image-preview:large","max-video-preview":"max-video-preview:-1"},"canonical":"https:\/\/www.iedq.com.br\/site\/projetos\/","og_locale":"pt_BR","og_type":"article","og_title":"Projetos - Instituto de Ensino Dom Quixote - Valen\u00e7a do Piau\u00ed - Piau\u00ed","og_description":"PROJETO CARNAVAL PROJETO EDUCA\u00c7\u00c3O E CIDADANIA ASSOCIADA AO COMBATE AO AEDES AEGYPTI PROJETO PEQUENO ESCRITOR PROJETO POEME-SE PROJETO CONCURSO DE REDA\u00c7\u00c3O PROJETO DENGUE CULMIN\u00c2NCIA PROJETO ARRAIAL IEDQ PROJETO CORRENTE DO BEM PROJETO MINHA IDEIA BRILHANTE CARNAVAL NA EDUCA\u00c7\u00c3O INFANTIL 2017 DESFILE DE CARNAVAL CAF\u00c9 LITER\u00c1RIO 2017 IEDQ realiza palestra com os alunos do 3\u00ba ano [&hellip;]","og_url":"https:\/\/www.iedq.com.br\/site\/projetos\/","og_site_name":"Instituto de Ensino Dom Quixote - Valen\u00e7a do Piau\u00ed - Piau\u00ed","article_modified_time":"2020-04-16T19:09:19+00:00","twitter_card":"summary_large_image","twitter_misc":{"Est. tempo de leitura":"1 minuto"},"schema":{"@context":"https:\/\/schema.org","@graph":[{"@type":"Organization","@id":"https:\/\/www.iedq.com.br\/site\/#organization","name":"Instituto de Ensino Dom Quixote","url":"https:\/\/www.iedq.com.br\/site\/","sameAs":[],"logo":{"@type":"ImageObject","@id":"https:\/\/www.iedq.com.br\/site\/#logo","inLanguage":"pt-BR","url":"https:\/\/www.iedq.com.br\/site\/wp-content\/uploads\/2015\/06\/logomarca_site.png","contentUrl":"https:\/\/www.iedq.com.br\/site\/wp-content\/uploads\/2015\/06\/logomarca_site.png","width":228,"height":98,"caption":"Instituto de Ensino Dom Quixote"},"image":{"@id":"https:\/\/www.iedq.com.br\/site\/#logo"}},{"@type":"WebSite","@id":"https:\/\/www.iedq.com.br\/site\/#website","url":"https:\/\/www.iedq.com.br\/site\/","name":"Instituto de Ensino Dom Quixote - Valen\u00e7a do Piau\u00ed - Piau\u00ed","description":"Escola privada de Valen\u00e7a do Piau\u00ed-PI","publisher":{"@id":"https:\/\/www.iedq.com.br\/site\/#organization"},"potentialAction":[{"@type":"SearchAction","target":{"@type":"EntryPoint","urlTemplate":"https:\/\/www.iedq.com.br\/site\/?s={search_term_string}"},"query-input":"required name=search_term_string"}],"inLanguage":"pt-BR"},{"@type":"WebPage","@id":"https:\/\/www.iedq.com.br\/site\/projetos\/#webpage","url":"https:\/\/www.iedq.com.br\/site\/projetos\/","name":"Projetos - Instituto de Ensino Dom Quixote - Valen\u00e7a do Piau\u00ed - Piau\u00ed","isPartOf":{"@id":"https:\/\/www.iedq.com.br\/site\/#website"},"datePublished":"2014-11-11T00:16:50+00:00","dateModified":"2020-04-16T19:09:19+00:00","breadcrumb":{"@id":"https:\/\/www.iedq.com.br\/site\/projetos\/#breadcrumb"},"inLanguage":"pt-BR","potentialAction":[{"@type":"ReadAction","target":["https:\/\/www.iedq.com.br\/site\/projetos\/"]}]},{"@type":"BreadcrumbList","@id":"https:\/\/www.iedq.com.br\/site\/projetos\/#breadcrumb","itemListElement":[{"@type":"ListItem","position":1,"name":"In\u00edcio","item":"https:\/\/www.iedq.com.br\/site\/"},{"@type":"ListItem","position":2,"name":"Projetos"}]}]}},"_links":{"self":[{"href":"https:\/\/www.iedq.com.br\/site\/wp-json\/wp\/v2\/pages\/28"}],"collection":[{"href":"https:\/\/www.iedq.com.br\/site\/wp-json\/wp\/v2\/pages"}],"about":[{"href":"https:\/\/www.iedq.com.br\/site\/wp-json\/wp\/v2\/types\/page"}],"author":[{"embeddable":true,"href":"https:\/\/www.iedq.com.br\/site\/wp-json\/wp\/v2\/users\/1"}],"replies":[{"embeddable":true,"href":"https:\/\/www.iedq.com.br\/site\/wp-json\/wp\/v2\/comments?post=28"}],"version-history":[{"count":13,"href":"https:\/\/www.iedq.com.br\/site\/wp-json\/wp\/v2\/pages\/28\/revisions"}],"predecessor-version":[{"id":27145,"href":"https:\/\/www.iedq.com.br\/site\/wp-json\/wp\/v2\/pages\/28\/revisions\/27145"}],"wp:attachment":[{"href":"https:\/\/www.iedq.com.br\/site\/wp-json\/wp\/v2\/media?parent=28"}],"curies":[{"name":"wp","href":"https:\/\/api.w.org\/{rel}","templated":true}]}}