{"id":38,"date":"2014-11-10T21:19:10","date_gmt":"2014-11-11T00:19:10","guid":{"rendered":"http:\/\/www.institutofrater.com.br\/site\/?page_id=38"},"modified":"2020-04-16T13:30:14","modified_gmt":"2020-04-16T18:30:14","slug":"ensino-fundamental-i","status":"publish","type":"page","link":"https:\/\/www.iedq.com.br\/site\/ensino-fundamental-i\/","title":{"rendered":"Ensino Fundamental I &#8211; Anos Iniciais 1\u00ba ao 5\u00ba ano"},"content":{"rendered":"<p>Ensino Fundamental I &#8211; Anos Iniciais 1\u00ba ao 5\u00ba ano<\/p>\n<p style=\"text-align: justify;\">O objetivo do Ensino Fundamental \u00e9 a forma\u00e7\u00e3o b\u00e1sica do cidad\u00e3o, bem como o desenvolvimento pleno da leitura, da escrita e do c\u00e1lculo. \u00c9 nessa perspectiva que o IEDQ vem fundamentando seu trabalho pedag\u00f3gico, contemplando o respeito ao ambiente, consolidando os valores pol\u00edticos, o uso da tecnologia, das artes e dos valores sociais.<\/p>\n<p style=\"text-align: justify;\">A forma\u00e7\u00e3o dos alunos \u00e9 sempre fundamentada na pesquisa, o que favorece o incentivo e a busca por novas leituras, contribuindo assim para o desenvolvimento de compet\u00eancias e habilidades, e para a amplia\u00e7\u00e3o de novos conhecimentos.<\/p>\n<p style=\"text-align: justify;\">Dos anos iniciais aos anos finais do Ensino Fundamental o curr\u00edculo incentiva a autonomia dos educandos com material pedag\u00f3gico de excel\u00eancia e escolhido por profissionais capacitados. Essa did\u00e1tica certamente ser\u00e1 sempre fortalecida pela fam\u00edlia que, juntamente com a escola dar\u00e1 suporte ao aluno para a sua ascens\u00e3o tanto na educa\u00e7\u00e3o como na vida.<\/p>\n<p>&nbsp;<\/p>\n<p>ENSINO FUNDAMENTAL I\u00a0 &#8211;<\/p>\n<p>Abrange do 1\u00ba ao 5\u00ba ano<\/p>\n<p>Crian\u00e7as a partir de 6 anos de idade<\/p>\n<p><a href=\"https:\/\/www.iedq.com.br\/site\/wp-content\/uploads\/2014\/11\/20190927_104730.jpg\"><img loading=\"lazy\" class=\"alignleft size-medium wp-image-27135\" src=\"https:\/\/www.iedq.com.br\/site\/wp-content\/uploads\/2014\/11\/20190927_104730-300x169.jpg\" alt=\"20190927_104730\" width=\"300\" height=\"169\" srcset=\"https:\/\/www.iedq.com.br\/site\/wp-content\/uploads\/2014\/11\/20190927_104730-300x169.jpg 300w, https:\/\/www.iedq.com.br\/site\/wp-content\/uploads\/2014\/11\/20190927_104730-768x432.jpg 768w, https:\/\/www.iedq.com.br\/site\/wp-content\/uploads\/2014\/11\/20190927_104730-1024x576.jpg 1024w, https:\/\/www.iedq.com.br\/site\/wp-content\/uploads\/2014\/11\/20190927_104730-250x141.jpg 250w, https:\/\/www.iedq.com.br\/site\/wp-content\/uploads\/2014\/11\/20190927_104730-800x450.jpg 800w\" sizes=\"(max-width: 300px) 100vw, 300px\" \/><\/a><\/p>\n","protected":false},"excerpt":{"rendered":"<p>Ensino Fundamental I &#8211; Anos Iniciais 1\u00ba ao 5\u00ba ano O objetivo do Ensino Fundamental \u00e9 a forma\u00e7\u00e3o b\u00e1sica do cidad\u00e3o, bem como o desenvolvimento pleno da leitura, da escrita e do c\u00e1lculo. \u00c9 nessa perspectiva que o IEDQ vem fundamentando seu trabalho pedag\u00f3gico, contemplando o respeito ao ambiente, consolidando os valores pol\u00edticos, o uso [&hellip;]<\/p>\n","protected":false},"author":1,"featured_media":0,"parent":0,"menu_order":0,"comment_status":"open","ping_status":"open","template":"","meta":[],"yoast_head":"<!-- This site is optimized with the Yoast SEO plugin v18.2 - https:\/\/yoast.com\/wordpress\/plugins\/seo\/ -->\n<title>Ensino Fundamental I - Anos Iniciais 1\u00ba ao 5\u00ba ano - Instituto de Ensino Dom Quixote - Valen\u00e7a do Piau\u00ed - Piau\u00ed<\/title>\n<meta name=\"robots\" content=\"index, follow, max-snippet:-1, max-image-preview:large, max-video-preview:-1\" \/>\n<link rel=\"canonical\" href=\"https:\/\/www.iedq.com.br\/site\/ensino-fundamental-i\/\" \/>\n<meta property=\"og:locale\" content=\"pt_BR\" \/>\n<meta property=\"og:type\" content=\"article\" \/>\n<meta property=\"og:title\" content=\"Ensino Fundamental I - Anos Iniciais 1\u00ba ao 5\u00ba ano - Instituto de Ensino Dom Quixote - Valen\u00e7a do Piau\u00ed - Piau\u00ed\" \/>\n<meta property=\"og:description\" content=\"Ensino Fundamental I &#8211; Anos Iniciais 1\u00ba ao 5\u00ba ano O objetivo do Ensino Fundamental \u00e9 a forma\u00e7\u00e3o b\u00e1sica do cidad\u00e3o, bem como o desenvolvimento pleno da leitura, da escrita e do c\u00e1lculo. \u00c9 nessa perspectiva que o IEDQ vem fundamentando seu trabalho pedag\u00f3gico, contemplando o respeito ao ambiente, consolidando os valores pol\u00edticos, o uso [&hellip;]\" \/>\n<meta property=\"og:url\" content=\"https:\/\/www.iedq.com.br\/site\/ensino-fundamental-i\/\" \/>\n<meta property=\"og:site_name\" content=\"Instituto de Ensino Dom Quixote - Valen\u00e7a do Piau\u00ed - Piau\u00ed\" \/>\n<meta property=\"article:modified_time\" content=\"2020-04-16T18:30:14+00:00\" \/>\n<meta property=\"og:image\" content=\"https:\/\/www.iedq.com.br\/site\/wp-content\/uploads\/2014\/11\/20190927_104730-300x169.jpg\" \/>\n<meta name=\"twitter:card\" content=\"summary_large_image\" \/>\n<meta name=\"twitter:label1\" content=\"Est. tempo de leitura\" \/>\n\t<meta name=\"twitter:data1\" content=\"1 minuto\" \/>\n<script type=\"application\/ld+json\" class=\"yoast-schema-graph\">{\"@context\":\"https:\/\/schema.org\",\"@graph\":[{\"@type\":\"Organization\",\"@id\":\"https:\/\/www.iedq.com.br\/site\/#organization\",\"name\":\"Instituto de Ensino Dom Quixote\",\"url\":\"https:\/\/www.iedq.com.br\/site\/\",\"sameAs\":[],\"logo\":{\"@type\":\"ImageObject\",\"@id\":\"https:\/\/www.iedq.com.br\/site\/#logo\",\"inLanguage\":\"pt-BR\",\"url\":\"https:\/\/www.iedq.com.br\/site\/wp-content\/uploads\/2015\/06\/logomarca_site.png\",\"contentUrl\":\"https:\/\/www.iedq.com.br\/site\/wp-content\/uploads\/2015\/06\/logomarca_site.png\",\"width\":228,\"height\":98,\"caption\":\"Instituto de Ensino Dom Quixote\"},\"image\":{\"@id\":\"https:\/\/www.iedq.com.br\/site\/#logo\"}},{\"@type\":\"WebSite\",\"@id\":\"https:\/\/www.iedq.com.br\/site\/#website\",\"url\":\"https:\/\/www.iedq.com.br\/site\/\",\"name\":\"Instituto de Ensino Dom Quixote - Valen\u00e7a do Piau\u00ed - Piau\u00ed\",\"description\":\"Escola privada de Valen\u00e7a do Piau\u00ed-PI\",\"publisher\":{\"@id\":\"https:\/\/www.iedq.com.br\/site\/#organization\"},\"potentialAction\":[{\"@type\":\"SearchAction\",\"target\":{\"@type\":\"EntryPoint\",\"urlTemplate\":\"https:\/\/www.iedq.com.br\/site\/?s={search_term_string}\"},\"query-input\":\"required name=search_term_string\"}],\"inLanguage\":\"pt-BR\"},{\"@type\":\"ImageObject\",\"@id\":\"https:\/\/www.iedq.com.br\/site\/ensino-fundamental-i\/#primaryimage\",\"inLanguage\":\"pt-BR\",\"url\":\"https:\/\/www.iedq.com.br\/site\/wp-content\/uploads\/2014\/11\/20190927_104730.jpg\",\"contentUrl\":\"https:\/\/www.iedq.com.br\/site\/wp-content\/uploads\/2014\/11\/20190927_104730.jpg\",\"width\":4608,\"height\":2592},{\"@type\":\"WebPage\",\"@id\":\"https:\/\/www.iedq.com.br\/site\/ensino-fundamental-i\/#webpage\",\"url\":\"https:\/\/www.iedq.com.br\/site\/ensino-fundamental-i\/\",\"name\":\"Ensino Fundamental I - Anos Iniciais 1\u00ba ao 5\u00ba ano - Instituto de Ensino Dom Quixote - Valen\u00e7a do Piau\u00ed - Piau\u00ed\",\"isPartOf\":{\"@id\":\"https:\/\/www.iedq.com.br\/site\/#website\"},\"primaryImageOfPage\":{\"@id\":\"https:\/\/www.iedq.com.br\/site\/ensino-fundamental-i\/#primaryimage\"},\"datePublished\":\"2014-11-11T00:19:10+00:00\",\"dateModified\":\"2020-04-16T18:30:14+00:00\",\"breadcrumb\":{\"@id\":\"https:\/\/www.iedq.com.br\/site\/ensino-fundamental-i\/#breadcrumb\"},\"inLanguage\":\"pt-BR\",\"potentialAction\":[{\"@type\":\"ReadAction\",\"target\":[\"https:\/\/www.iedq.com.br\/site\/ensino-fundamental-i\/\"]}]},{\"@type\":\"BreadcrumbList\",\"@id\":\"https:\/\/www.iedq.com.br\/site\/ensino-fundamental-i\/#breadcrumb\",\"itemListElement\":[{\"@type\":\"ListItem\",\"position\":1,\"name\":\"In\u00edcio\",\"item\":\"https:\/\/www.iedq.com.br\/site\/\"},{\"@type\":\"ListItem\",\"position\":2,\"name\":\"Ensino Fundamental I &#8211; Anos Iniciais 1\u00ba ao 5\u00ba ano\"}]}]}<\/script>\n<!-- \/ Yoast SEO plugin. -->","yoast_head_json":{"title":"Ensino Fundamental I - Anos Iniciais 1\u00ba ao 5\u00ba ano - Instituto de Ensino Dom Quixote - Valen\u00e7a do Piau\u00ed - Piau\u00ed","robots":{"index":"index","follow":"follow","max-snippet":"max-snippet:-1","max-image-preview":"max-image-preview:large","max-video-preview":"max-video-preview:-1"},"canonical":"https:\/\/www.iedq.com.br\/site\/ensino-fundamental-i\/","og_locale":"pt_BR","og_type":"article","og_title":"Ensino Fundamental I - Anos Iniciais 1\u00ba ao 5\u00ba ano - Instituto de Ensino Dom Quixote - Valen\u00e7a do Piau\u00ed - Piau\u00ed","og_description":"Ensino Fundamental I &#8211; Anos Iniciais 1\u00ba ao 5\u00ba ano O objetivo do Ensino Fundamental \u00e9 a forma\u00e7\u00e3o b\u00e1sica do cidad\u00e3o, bem como o desenvolvimento pleno da leitura, da escrita e do c\u00e1lculo. \u00c9 nessa perspectiva que o IEDQ vem fundamentando seu trabalho pedag\u00f3gico, contemplando o respeito ao ambiente, consolidando os valores pol\u00edticos, o uso [&hellip;]","og_url":"https:\/\/www.iedq.com.br\/site\/ensino-fundamental-i\/","og_site_name":"Instituto de Ensino Dom Quixote - Valen\u00e7a do Piau\u00ed - Piau\u00ed","article_modified_time":"2020-04-16T18:30:14+00:00","og_image":[{"url":"https:\/\/www.iedq.com.br\/site\/wp-content\/uploads\/2014\/11\/20190927_104730-300x169.jpg"}],"twitter_card":"summary_large_image","twitter_misc":{"Est. tempo de leitura":"1 minuto"},"schema":{"@context":"https:\/\/schema.org","@graph":[{"@type":"Organization","@id":"https:\/\/www.iedq.com.br\/site\/#organization","name":"Instituto de Ensino Dom Quixote","url":"https:\/\/www.iedq.com.br\/site\/","sameAs":[],"logo":{"@type":"ImageObject","@id":"https:\/\/www.iedq.com.br\/site\/#logo","inLanguage":"pt-BR","url":"https:\/\/www.iedq.com.br\/site\/wp-content\/uploads\/2015\/06\/logomarca_site.png","contentUrl":"https:\/\/www.iedq.com.br\/site\/wp-content\/uploads\/2015\/06\/logomarca_site.png","width":228,"height":98,"caption":"Instituto de Ensino Dom Quixote"},"image":{"@id":"https:\/\/www.iedq.com.br\/site\/#logo"}},{"@type":"WebSite","@id":"https:\/\/www.iedq.com.br\/site\/#website","url":"https:\/\/www.iedq.com.br\/site\/","name":"Instituto de Ensino Dom Quixote - Valen\u00e7a do Piau\u00ed - Piau\u00ed","description":"Escola privada de Valen\u00e7a do Piau\u00ed-PI","publisher":{"@id":"https:\/\/www.iedq.com.br\/site\/#organization"},"potentialAction":[{"@type":"SearchAction","target":{"@type":"EntryPoint","urlTemplate":"https:\/\/www.iedq.com.br\/site\/?s={search_term_string}"},"query-input":"required name=search_term_string"}],"inLanguage":"pt-BR"},{"@type":"ImageObject","@id":"https:\/\/www.iedq.com.br\/site\/ensino-fundamental-i\/#primaryimage","inLanguage":"pt-BR","url":"https:\/\/www.iedq.com.br\/site\/wp-content\/uploads\/2014\/11\/20190927_104730.jpg","contentUrl":"https:\/\/www.iedq.com.br\/site\/wp-content\/uploads\/2014\/11\/20190927_104730.jpg","width":4608,"height":2592},{"@type":"WebPage","@id":"https:\/\/www.iedq.com.br\/site\/ensino-fundamental-i\/#webpage","url":"https:\/\/www.iedq.com.br\/site\/ensino-fundamental-i\/","name":"Ensino Fundamental I - Anos Iniciais 1\u00ba ao 5\u00ba ano - Instituto de Ensino Dom Quixote - Valen\u00e7a do Piau\u00ed - Piau\u00ed","isPartOf":{"@id":"https:\/\/www.iedq.com.br\/site\/#website"},"primaryImageOfPage":{"@id":"https:\/\/www.iedq.com.br\/site\/ensino-fundamental-i\/#primaryimage"},"datePublished":"2014-11-11T00:19:10+00:00","dateModified":"2020-04-16T18:30:14+00:00","breadcrumb":{"@id":"https:\/\/www.iedq.com.br\/site\/ensino-fundamental-i\/#breadcrumb"},"inLanguage":"pt-BR","potentialAction":[{"@type":"ReadAction","target":["https:\/\/www.iedq.com.br\/site\/ensino-fundamental-i\/"]}]},{"@type":"BreadcrumbList","@id":"https:\/\/www.iedq.com.br\/site\/ensino-fundamental-i\/#breadcrumb","itemListElement":[{"@type":"ListItem","position":1,"name":"In\u00edcio","item":"https:\/\/www.iedq.com.br\/site\/"},{"@type":"ListItem","position":2,"name":"Ensino Fundamental I &#8211; Anos Iniciais 1\u00ba ao 5\u00ba ano"}]}]}},"_links":{"self":[{"href":"https:\/\/www.iedq.com.br\/site\/wp-json\/wp\/v2\/pages\/38"}],"collection":[{"href":"https:\/\/www.iedq.com.br\/site\/wp-json\/wp\/v2\/pages"}],"about":[{"href":"https:\/\/www.iedq.com.br\/site\/wp-json\/wp\/v2\/types\/page"}],"author":[{"embeddable":true,"href":"https:\/\/www.iedq.com.br\/site\/wp-json\/wp\/v2\/users\/1"}],"replies":[{"embeddable":true,"href":"https:\/\/www.iedq.com.br\/site\/wp-json\/wp\/v2\/comments?post=38"}],"version-history":[{"count":13,"href":"https:\/\/www.iedq.com.br\/site\/wp-json\/wp\/v2\/pages\/38\/revisions"}],"predecessor-version":[{"id":27136,"href":"https:\/\/www.iedq.com.br\/site\/wp-json\/wp\/v2\/pages\/38\/revisions\/27136"}],"wp:attachment":[{"href":"https:\/\/www.iedq.com.br\/site\/wp-json\/wp\/v2\/media?parent=38"}],"curies":[{"name":"wp","href":"https:\/\/api.w.org\/{rel}","templated":true}]}}